{"id":679,"date":"2024-08-29T08:00:26","date_gmt":"2024-08-29T08:00:26","guid":{"rendered":"https:\/\/wolkenhawk.eu\/?page_id=679"},"modified":"2024-09-04T10:45:38","modified_gmt":"2024-09-04T10:45:38","slug":"politika-kolacica","status":"publish","type":"page","link":"https:\/\/wolkenhawk.eu\/hr\/politika-kolacica\/","title":{"rendered":"Politika Kola\u010di\u0107a"},"content":{"rendered":"<h5>\u0160to su kola\u010di\u0107i?<\/h5>\n<div class=\"cookie-policy-p\">\n<p>Ova Pravila o kola\u010di\u0107ima obja\u0161njavaju \u0161to su kola\u010di\u0107i i kako ih koristimo, vrste kola\u010di\u0107a koje koristimo, tj. informacije koje prikupljamo pomo\u0107u kola\u010di\u0107a i kako se te informacije koriste te kako upravljati postavkama kola\u010di\u0107a.<\/p>\n<p>Kola\u010di\u0107i su male tekstualne datoteke koje se koriste za pohranjivanje malih dijelova informacija. Pohranjuju se na va\u0161em ure\u0111aju kada se web stranica u\u010dita u va\u0161 preglednik. Ovi kola\u010di\u0107i nam poma\u017eu da web-mjesto ispravno funkcionira, u\u010dinimo ga sigurnijim, pru\u017eimo bolje korisni\u010dko iskustvo i razumijemo kako web-mjesto funkcionira te analiziramo \u0161to radi i gdje treba pobolj\u0161ati.<\/p>\n<\/div>\n<h5>Kako koristimo kola\u010di\u0107e?<\/h5>\n<div class=\"cookie-policy-p\">\n<p>Kao i ve\u0107ina internetskih usluga, na\u0161a web stranica koristi kola\u010di\u0107e prve i tre\u0107e strane u nekoliko svrha. Kola\u010di\u0107i prve strane uglavnom su nu\u017eni za ispravno funkcioniranje web stranice i ne prikupljaju va\u0161e osobne podatke.<\/p>\n<p>Kola\u010di\u0107i tre\u0107ih strana koji se koriste na na\u0161em web-mjestu uglavnom slu\u017ee za razumijevanje na\u010dina na koji web-mjesto radi, kako komunicirate s na\u0161im web-mjestom, za o\u010duvanje sigurnosti na\u0161ih usluga, za pru\u017eanje reklama koje su vam relevantne i sve u svemu za pru\u017eanje boljeg i pobolj\u0161anog korisnika iskustva i ubrzati va\u0161e budu\u0107e interakcije s na\u0161im web mjestom.<\/p>\n<\/div>\n<h5>Vrste kola\u010di\u0107a koje koristimo<\/h5>\n<div class=\"cky-audit-table-element\"><\/div>\n<h5 style=\"margin-bottom: 20px;\">Upravljajte postavkama kola\u010di\u0107a<\/h5>\n<p><a class=\"cky-banner-element\">Postavke kola\u010di\u0107a<\/a><\/p>\n<div>\n<p>Postavke kola\u010di\u0107a mo\u017eete promijeniti u bilo kojem trenutku klikom na gornji gumb. To \u0107e vam omogu\u0107iti da ponovno posjetite natpis pristanka na kola\u010di\u0107e i promijenite svoje postavke ili odmah povu\u010dete svoj pristanak.<\/p>\n<p>Osim toga, razli\u010diti preglednici nude razli\u010dite metode za blokiranje i brisanje kola\u010di\u0107a koje koriste web stranice. Mo\u017eete promijeniti postavke svog preglednika kako biste blokirali\/izbrisali kola\u010di\u0107e. Dolje su navedene poveznice na dokumente podr\u0161ke o tome kako upravljati i brisati kola\u010di\u0107e iz glavnih web preglednika.<\/p>\n<p>Chrome: <a href=\"https:\/\/support.google.com\/accounts\/answer\/32050\" target=\"_blank\" rel=\"noopener\">https:\/\/support.google.com\/accounts\/answer\/32050<\/a><\/p>\n<p>Safari: <a href=\"https:\/\/support.apple.com\/en-in\/guide\/safari\/sfri11471\/mac\" target=\"_blank\" rel=\"noopener\">https:\/\/support.apple.com\/en-in\/guide\/safari\/sfri11471\/mac<\/a><\/p>\n<p>Firefox: <a href=\"https:\/\/support.mozilla.org\/en-US\/kb\/clear-cookies-and-site-data-firefox?redirectslug=delete-cookies-remove-info-websites-stored&amp;redirectlocale=en-US\" target=\"_blank\" rel=\"noopener\">https:\/\/support.mozilla.org\/en-US\/kb\/clear-cookies-and-site-data-firefox?redirectslug=delete-cookies-remove-info-websites-stored&amp;redirectlocale=en-US<\/a><\/p>\n<p>Internet Explorer: <a href=\"https:\/\/support.microsoft.com\/en-us\/topic\/how-to-delete-cookie-files-in-internet-explorer-bca9446f-d873-78de-77ba-d42645fa52fc\" target=\"_blank\" rel=\"noopener\">https:\/\/support.microsoft.com\/en-us\/topic\/how-to-delete-cookie-files-in-internet-explorer-bca9446f-d873-78de-77ba-d42645fa52fc<\/a><\/p>\n<p>Ako koristite bilo koji drugi web preglednik, posjetite slu\u017ebene dokumente za podr\u0161ku va\u0161eg preglednika.<\/p>\n<\/div>\n","protected":false},"excerpt":{"rendered":"<p>\u0160to su kola\u010di\u0107i? Ova Pravila o kola\u010di\u0107ima obja\u0161njavaju \u0161to su kola\u010di\u0107i i kako ih koristimo, vrste kola\u010di\u0107a koje koristimo, tj. informacije koje prikupljamo pomo\u0107u kola\u010di\u0107a i kako se te informacije koriste te kako upravljati postavkama kola\u010di\u0107a. Kola\u010di\u0107i su male tekstualne datoteke koje se koriste za pohranjivanje malih dijelova informacija. Pohranjuju se na va\u0161em ure\u0111aju kada [&hellip;]<\/p>\n","protected":false},"author":1,"featured_media":0,"parent":0,"menu_order":0,"comment_status":"closed","ping_status":"closed","template":"template-privacy.php","meta":{"rank_math_lock_modified_date":false,"inline_featured_image":false,"footnotes":""},"class_list":["post-679","page","type-page","status-publish","hentry"],"_links":{"self":[{"href":"https:\/\/wolkenhawk.eu\/hr\/wp-json\/wp\/v2\/pages\/679","targetHints":{"allow":["GET"]}}],"collection":[{"href":"https:\/\/wolkenhawk.eu\/hr\/wp-json\/wp\/v2\/pages"}],"about":[{"href":"https:\/\/wolkenhawk.eu\/hr\/wp-json\/wp\/v2\/types\/page"}],"author":[{"embeddable":true,"href":"https:\/\/wolkenhawk.eu\/hr\/wp-json\/wp\/v2\/users\/1"}],"replies":[{"embeddable":true,"href":"https:\/\/wolkenhawk.eu\/hr\/wp-json\/wp\/v2\/comments?post=679"}],"version-history":[{"count":2,"href":"https:\/\/wolkenhawk.eu\/hr\/wp-json\/wp\/v2\/pages\/679\/revisions"}],"predecessor-version":[{"id":760,"href":"https:\/\/wolkenhawk.eu\/hr\/wp-json\/wp\/v2\/pages\/679\/revisions\/760"}],"wp:attachment":[{"href":"https:\/\/wolkenhawk.eu\/hr\/wp-json\/wp\/v2\/media?parent=679"}],"curies":[{"name":"wp","href":"https:\/\/api.w.org\/{rel}","templated":true}]}}